{"id":3309,"date":"2023-02-13T12:36:18","date_gmt":"2023-02-13T17:36:18","guid":{"rendered":"https:\/\/www.totemaviation.ca\/escoumins-aerodrome\/"},"modified":"2023-02-22T00:16:05","modified_gmt":"2023-02-22T05:16:05","slug":"escoumins-aerodrome","status":"publish","type":"page","link":"https:\/\/www.totemaviation.ca\/en\/escoumins-aerodrome\/","title":{"rendered":"Escoumins Aerodrome (CA-0720)"},"content":{"rendered":"\n<h1 class=\"has-text-align-center has-x-large-font-size wp-block-heading\">Escoumins Aerodrome (CA-0720)<\/h1>\n\n\n\n<figure class=\"wp-block-image alignfull size-full\"><img loading=\"lazy\" decoding=\"async\" width=\"2560\" height=\"492\" src=\"https:\/\/www.totemaviation.ca\/wp-content\/uploads\/2023\/02\/LotAerodromeEscoumins_LQ-scaled.jpg\" alt=\"\" class=\"wp-image-3079\" srcset=\"https:\/\/www.totemaviation.ca\/wp-content\/uploads\/2023\/02\/LotAerodromeEscoumins_LQ-scaled.jpg 2560w, https:\/\/www.totemaviation.ca\/wp-content\/uploads\/2023\/02\/LotAerodromeEscoumins_LQ-300x58.jpg 300w, https:\/\/www.totemaviation.ca\/wp-content\/uploads\/2023\/02\/LotAerodromeEscoumins_LQ-1024x197.jpg 1024w, https:\/\/www.totemaviation.ca\/wp-content\/uploads\/2023\/02\/LotAerodromeEscoumins_LQ-768x148.jpg 768w, https:\/\/www.totemaviation.ca\/wp-content\/uploads\/2023\/02\/LotAerodromeEscoumins_LQ-1536x295.jpg 1536w, https:\/\/www.totemaviation.ca\/wp-content\/uploads\/2023\/02\/LotAerodromeEscoumins_LQ-2048x394.jpg 2048w, https:\/\/www.totemaviation.ca\/wp-content\/uploads\/2023\/02\/LotAerodromeEscoumins_LQ-500x96.jpg 500w, https:\/\/www.totemaviation.ca\/wp-content\/uploads\/2023\/02\/LotAerodromeEscoumins_LQ-800x154.jpg 800w, https:\/\/www.totemaviation.ca\/wp-content\/uploads\/2023\/02\/LotAerodromeEscoumins_LQ-1280x246.jpg 1280w, https:\/\/www.totemaviation.ca\/wp-content\/uploads\/2023\/02\/LotAerodromeEscoumins_LQ-1920x369.jpg 1920w\" sizes=\"auto, (max-width: 2560px) 100vw, 2560px\" \/><\/figure>\n\n\n\n<p>Our airfield was built for commercial use in order to offer sightseeing flights in the region, it is perfectly adapted to our type of operation and we have the ideal aircraft to operate on this type of runway.<\/p>\n\n\n\n<p>We are happy to welcome aviation enthusiasts like us and to share our facilities with the pilot community. Pilots wishing to land there are responsible for checking the conditions beforehand and assessing the risks themselves. As our runway is private, we do not transmit NOTAM or other information to NAVCAN. To ensure that our facilities are available for your scheduled visit, we ask that you please contact us at 581-235-5235.<\/p>\n\n\n\n<p>We use the airfield for our tourist flights more intensively at the end of the day, from 5pm until sunset. We ask pilots wishing to visit us to avoid planning your arrival or departure at the end of the day.<\/p>\n\n\n\n<p>We recommend our runway to intermediate and advanced pilots with light aircraft with 4 seats or less. Conventional trainers are recommended, although several tricycle trainers have visited us without any problems. A safe attitude is required from all pilots visiting us both in flight within a 5 minute radius and on the moving air.<\/p>\n\n\n\n<p>There is no landing fee and a limited amount of anchors are available free of charge.<\/p>\n\n\n\n<p>Little trick for tricycle trains<\/p>\n\n\n\n<ul class=\"wp-block-list\">\n<li>Practice the soft take-off and landing procedure<\/li>\n\n\n\n<li>Do not stand still on the sandy portions of the movement area, move to a grassy area to come to a stop.<\/li>\n<\/ul>\n\n\n\n<p>Have a good flight!<\/p>\n\n\n\t\t\t\t\t<div\n\t\t\t\t\t\tclass=\"wp-block-uagb-image-gallery uagb-block-cb74153c     \"\n\t\t\t\t\t\tstyle=\"\"\n\t\t\t\t\t>\n\t\t\t\t\t\t\t\t\t\t\t<div class=\"spectra-image-gallery spectra-image-gallery__layout--masonry spectra-image-gallery__layout--masonry-col-2 spectra-image-gallery__layout--masonry-col-tab-4 spectra-image-gallery__layout--masonry-col-mob-4\">\n\t\t\t\t\t\t\t\t\t\t\t<div class='spectra-image-gallery__media-wrapper--isotope'>\n\t\t\t\t\t\t\t<div class='spectra-image-gallery__media-wrapper' data-spectra-gallery-image-id='2845' tabindex=\"0\">\n\t\t\t\t\t\t\t<div class=\"spectra-image-gallery__media spectra-image-gallery__media--masonry\">\n\t\t\t\t<picture>\n\t\t\t\t\t<source media=\"(min-width: 1024px)\" srcset=\"https:\/\/www.totemaviation.ca\/wp-content\/uploads\/2023\/02\/VTT_avion_hangar-1024x768.jpeg\">\n\t\t\t\t\t<source media=\"(min-width: 768px)\" srcset=\"https:\/\/www.totemaviation.ca\/wp-content\/uploads\/2023\/02\/VTT_avion_hangar-1024x768.jpeg\">\n\t\t\t\t\t<img decoding=\"async\" class=\"spectra-image-gallery__media-thumbnail spectra-image-gallery__media-thumbnail--masonry\" src=\"https:\/\/www.totemaviation.ca\/wp-content\/uploads\/2023\/02\/VTT_avion_hangar-300x225.jpeg\" alt=\"\" loading=\"lazy\" \/>\n\t\t\t\t<\/picture>\n\t\t\t\t<div class=\"spectra-image-gallery__media-thumbnail-blurrer\"><\/div>\n\t\t\t\t\t\t\t\t\t\t\t<div class=\"spectra-image-gallery__media-thumbnail-caption-wrapper spectra-image-gallery__media-thumbnail-caption-wrapper--overlay\">\n\t\t\t\t\t\t\t\t\t\t\t<div class=\"spectra-image-gallery__media-thumbnail-caption spectra-image-gallery__media-thumbnail-caption--overlay\">\n\t\t\t\t\tEscoumins Aerodrome\t\t\t\t<\/div>\n\t\t\t\t\t\t\t\t\t\t<\/div>\n\t\t\t\t\t\t\t\t\t<\/div>\n\t\t\t\t\t\t<\/div>\n\t\t\t\t\t\t<\/div>\n\t\t\t\t\t\t<div class='spectra-image-gallery__media-wrapper--isotope'>\n\t\t\t\t\t\t\t<div class='spectra-image-gallery__media-wrapper' data-spectra-gallery-image-id='2847' tabindex=\"0\">\n\t\t\t\t\t\t\t<div class=\"spectra-image-gallery__media spectra-image-gallery__media--masonry\">\n\t\t\t\t<picture>\n\t\t\t\t\t<source media=\"(min-width: 1024px)\" srcset=\"https:\/\/www.totemaviation.ca\/wp-content\/uploads\/2023\/02\/CA-0720-1024x768.jpeg\">\n\t\t\t\t\t<source media=\"(min-width: 768px)\" srcset=\"https:\/\/www.totemaviation.ca\/wp-content\/uploads\/2023\/02\/CA-0720-1024x768.jpeg\">\n\t\t\t\t\t<img decoding=\"async\" class=\"spectra-image-gallery__media-thumbnail spectra-image-gallery__media-thumbnail--masonry\" src=\"https:\/\/www.totemaviation.ca\/wp-content\/uploads\/2023\/02\/CA-0720-300x225.jpeg\" alt=\"\" loading=\"lazy\" \/>\n\t\t\t\t<\/picture>\n\t\t\t\t<div class=\"spectra-image-gallery__media-thumbnail-blurrer\"><\/div>\n\t\t\t\t\t\t\t\t\t\t\t<div class=\"spectra-image-gallery__media-thumbnail-caption-wrapper spectra-image-gallery__media-thumbnail-caption-wrapper--overlay\">\n\t\t\t\t\t\t\t\t\t\t\t<div class=\"spectra-image-gallery__media-thumbnail-caption spectra-image-gallery__media-thumbnail-caption--overlay\">\n\t\t\t\t\tEscoumins Aerodrome\t\t\t\t<\/div>\n\t\t\t\t\t\t\t\t\t\t<\/div>\n\t\t\t\t\t\t\t\t\t<\/div>\n\t\t\t\t\t\t<\/div>\n\t\t\t\t\t\t<\/div>\n\t\t\t\t\t\t<div class='spectra-image-gallery__media-wrapper--isotope'>\n\t\t\t\t\t\t\t<div class='spectra-image-gallery__media-wrapper' data-spectra-gallery-image-id='2853' tabindex=\"0\">\n\t\t\t\t\t\t\t<div class=\"spectra-image-gallery__media spectra-image-gallery__media--masonry\">\n\t\t\t\t<picture>\n\t\t\t\t\t<source media=\"(min-width: 1024px)\" srcset=\"https:\/\/www.totemaviation.ca\/wp-content\/uploads\/2023\/02\/CA-0720_w_guest-1024x768.jpeg\">\n\t\t\t\t\t<source media=\"(min-width: 768px)\" srcset=\"https:\/\/www.totemaviation.ca\/wp-content\/uploads\/2023\/02\/CA-0720_w_guest-1024x768.jpeg\">\n\t\t\t\t\t<img decoding=\"async\" class=\"spectra-image-gallery__media-thumbnail spectra-image-gallery__media-thumbnail--masonry\" src=\"https:\/\/www.totemaviation.ca\/wp-content\/uploads\/2023\/02\/CA-0720_w_guest-300x225.jpeg\" alt=\"\" loading=\"lazy\" \/>\n\t\t\t\t<\/picture>\n\t\t\t\t<div class=\"spectra-image-gallery__media-thumbnail-blurrer\"><\/div>\n\t\t\t\t\t\t\t\t\t\t\t<div class=\"spectra-image-gallery__media-thumbnail-caption-wrapper spectra-image-gallery__media-thumbnail-caption-wrapper--overlay\">\n\t\t\t\t\t\t\t\t\t\t\t<div class=\"spectra-image-gallery__media-thumbnail-caption spectra-image-gallery__media-thumbnail-caption--overlay\">\n\t\t\t\t\tEscoumins Aerodrome\t\t\t\t<\/div>\n\t\t\t\t\t\t\t\t\t\t<\/div>\n\t\t\t\t\t\t\t\t\t<\/div>\n\t\t\t\t\t\t<\/div>\n\t\t\t\t\t\t<\/div>\n\t\t\t\t\t\t<div class='spectra-image-gallery__media-wrapper--isotope'>\n\t\t\t\t\t\t\t<div class='spectra-image-gallery__media-wrapper' data-spectra-gallery-image-id='2849' tabindex=\"0\">\n\t\t\t\t\t\t\t<div class=\"spectra-image-gallery__media spectra-image-gallery__media--masonry\">\n\t\t\t\t<picture>\n\t\t\t\t\t<source media=\"(min-width: 1024px)\" srcset=\"https:\/\/www.totemaviation.ca\/wp-content\/uploads\/2023\/02\/piste_gravier-1024x768.jpg\">\n\t\t\t\t\t<source media=\"(min-width: 768px)\" srcset=\"https:\/\/www.totemaviation.ca\/wp-content\/uploads\/2023\/02\/piste_gravier-1024x768.jpg\">\n\t\t\t\t\t<img decoding=\"async\" class=\"spectra-image-gallery__media-thumbnail spectra-image-gallery__media-thumbnail--masonry\" src=\"https:\/\/www.totemaviation.ca\/wp-content\/uploads\/2023\/02\/piste_gravier-300x225.jpg\" alt=\"\" loading=\"lazy\" \/>\n\t\t\t\t<\/picture>\n\t\t\t\t<div class=\"spectra-image-gallery__media-thumbnail-blurrer\"><\/div>\n\t\t\t\t\t\t\t\t\t\t\t<div class=\"spectra-image-gallery__media-thumbnail-caption-wrapper spectra-image-gallery__media-thumbnail-caption-wrapper--overlay\">\n\t\t\t\t\t\t\t\t\t\t\t<div class=\"spectra-image-gallery__media-thumbnail-caption spectra-image-gallery__media-thumbnail-caption--overlay\">\n\t\t\t\t\tEscoumins Aerodrome\t\t\t\t<\/div>\n\t\t\t\t\t\t\t\t\t\t<\/div>\n\t\t\t\t\t\t\t\t\t<\/div>\n\t\t\t\t\t\t<\/div>\n\t\t\t\t\t\t<\/div>\n\t\t\t\t\t\t<div class='spectra-image-gallery__media-wrapper--isotope'>\n\t\t\t\t\t\t\t<div class='spectra-image-gallery__media-wrapper' data-spectra-gallery-image-id='2166' tabindex=\"0\">\n\t\t\t\t\t\t\t<div class=\"spectra-image-gallery__media spectra-image-gallery__media--masonry\">\n\t\t\t\t<picture>\n\t\t\t\t\t<source media=\"(min-width: 1024px)\" srcset=\"https:\/\/www.totemaviation.ca\/wp-content\/uploads\/2023\/02\/accueil-1024x768.jpg\">\n\t\t\t\t\t<source media=\"(min-width: 768px)\" srcset=\"https:\/\/www.totemaviation.ca\/wp-content\/uploads\/2023\/02\/accueil-1024x768.jpg\">\n\t\t\t\t\t<img decoding=\"async\" class=\"spectra-image-gallery__media-thumbnail spectra-image-gallery__media-thumbnail--masonry\" src=\"https:\/\/www.totemaviation.ca\/wp-content\/uploads\/2023\/02\/accueil-300x225.jpg\" alt=\"\" loading=\"lazy\" \/>\n\t\t\t\t<\/picture>\n\t\t\t\t<div class=\"spectra-image-gallery__media-thumbnail-blurrer\"><\/div>\n\t\t\t\t\t\t\t\t\t\t\t<div class=\"spectra-image-gallery__media-thumbnail-caption-wrapper spectra-image-gallery__media-thumbnail-caption-wrapper--overlay\">\n\t\t\t\t\t\t\t\t\t\t\t<div class=\"spectra-image-gallery__media-thumbnail-caption spectra-image-gallery__media-thumbnail-caption--overlay\">\n\t\t\t\t\tEscoumins Aerodrome\t\t\t\t<\/div>\n\t\t\t\t\t\t\t\t\t\t<\/div>\n\t\t\t\t\t\t\t\t\t<\/div>\n\t\t\t\t\t\t<\/div>\n\t\t\t\t\t\t<\/div>\n\t\t\t\t\t\t<div class='spectra-image-gallery__media-wrapper--isotope'>\n\t\t\t\t\t\t\t<div class='spectra-image-gallery__media-wrapper' data-spectra-gallery-image-id='2855' tabindex=\"0\">\n\t\t\t\t\t\t\t<div class=\"spectra-image-gallery__media spectra-image-gallery__media--masonry\">\n\t\t\t\t<picture>\n\t\t\t\t\t<source media=\"(min-width: 1024px)\" srcset=\"https:\/\/www.totemaviation.ca\/wp-content\/uploads\/2023\/02\/CA-0720_tarmac-1024x768.jpeg\">\n\t\t\t\t\t<source media=\"(min-width: 768px)\" srcset=\"https:\/\/www.totemaviation.ca\/wp-content\/uploads\/2023\/02\/CA-0720_tarmac-1024x768.jpeg\">\n\t\t\t\t\t<img decoding=\"async\" class=\"spectra-image-gallery__media-thumbnail spectra-image-gallery__media-thumbnail--masonry\" src=\"https:\/\/www.totemaviation.ca\/wp-content\/uploads\/2023\/02\/CA-0720_tarmac-300x225.jpeg\" alt=\"\" loading=\"lazy\" \/>\n\t\t\t\t<\/picture>\n\t\t\t\t<div class=\"spectra-image-gallery__media-thumbnail-blurrer\"><\/div>\n\t\t\t\t\t\t\t\t\t\t\t<div class=\"spectra-image-gallery__media-thumbnail-caption-wrapper spectra-image-gallery__media-thumbnail-caption-wrapper--overlay\">\n\t\t\t\t\t\t\t\t\t\t\t<div class=\"spectra-image-gallery__media-thumbnail-caption spectra-image-gallery__media-thumbnail-caption--overlay\">\n\t\t\t\t\tEscoumins Aerodrome\t\t\t\t<\/div>\n\t\t\t\t\t\t\t\t\t\t<\/div>\n\t\t\t\t\t\t\t\t\t<\/div>\n\t\t\t\t\t\t<\/div>\n\t\t\t\t\t\t<\/div>\n\t\t\t\t\t\t\t\t\t\t<\/div>\n\t\t\t\t\t\t\t\t\t\t\t\t\t\t\t\t\t\t<\/div>\n\t\t\t\t\t\t\t\t\t\n\n\n<hr class=\"wp-block-separator has-css-opacity\"\/>\n\n\n\n<h2 class=\"wp-block-heading\">Les Escoumins, Qc<\/h2>\n\n\n\n<p><strong style=\"font-family: inherit; font-style: inherit;\">REF<\/strong><\/p>\n\n\n\n<p>N48 22 16 W69 24 01 (18\u00b0W) UTC-5(4) Elev 160\u2032<\/p>\n\n\n\n<p><strong style=\"font-family: inherit; font-style: inherit;\">EXP<\/strong><\/p>\n\n\n\n<p>Totem Aviation 581 235-5235 No win maint. Enr PPR<\/p>\n\n\n\n<p><strong style=\"font-family: inherit; font-style: inherit;\">FLT PLN<\/strong><\/p>\n\n\n\n<p>NOTAM FILE CYYY Qu\u00e9bec 866-GOM\u00c9T\u00c9O or 866-WXBRIEF (Toll free within Canada) or 866-541-4105 (Toll free within Canada &amp; USA)<\/p>\n\n\n\n<p><strong style=\"font-family: inherit; font-style: inherit;\">SERVICES <\/strong><\/p>\n\n\n\n<p>For svcs ctc opr<\/p>\n\n\n\n<p><strong style=\"font-family: inherit; font-style: inherit;\">RWY DATA <\/strong><\/p>\n\n\n\n<p>Rwy 14\/32 2300\u00d765 sand<\/p>\n\n\n\n<p><strong style=\"font-family: inherit; font-style: inherit;\">COMM<\/strong><\/p>\n\n\n\n<p>tfc 123.2 5NM 3200 ASL<\/p>\n\n\n\n<hr class=\"wp-block-separator has-css-opacity\"\/>\n\n\n\n<figure class=\"wp-block-image size-full\"><img loading=\"lazy\" decoding=\"async\" width=\"581\" height=\"537\" src=\"https:\/\/www.totemaviation.ca\/wp-content\/uploads\/2023\/02\/cfs_escoumins.png\" alt=\"Escoumins Aerodrome\" class=\"wp-image-2843\" srcset=\"https:\/\/www.totemaviation.ca\/wp-content\/uploads\/2023\/02\/cfs_escoumins.png 581w, https:\/\/www.totemaviation.ca\/wp-content\/uploads\/2023\/02\/cfs_escoumins-300x277.png 300w, https:\/\/www.totemaviation.ca\/wp-content\/uploads\/2023\/02\/cfs_escoumins-500x462.png 500w\" sizes=\"auto, (max-width: 581px) 100vw, 581px\" \/><\/figure>\n\n\n\n<p>The airfield has been operational since the summer of 2018. The 14-32 orientation track is compact sand with a width of 65\u2032 cleared to 200\u2032 and a length of 2,300\u2032 plus 100\u2032 excess at each end for a total of 2,500\u2032. The approaches are suitable for most general aviation type aircraft. We cleared about 300\u2032 more at each end where there are only small shrubs under 6\u2032 tall.<\/p>\n\n\n\n<hr class=\"wp-block-separator has-css-opacity\"\/>\n\n\n\n<figure class=\"wp-block-image size-large\"><img loading=\"lazy\" decoding=\"async\" width=\"1024\" height=\"512\" src=\"https:\/\/www.totemaviation.ca\/wp-content\/uploads\/2023\/02\/plan-Escoumins-1-scaled-1-1024x512.jpg\" alt=\"Les Escoumins\" class=\"wp-image-2857\" srcset=\"https:\/\/www.totemaviation.ca\/wp-content\/uploads\/2023\/02\/plan-Escoumins-1-scaled-1-1024x512.jpg 1024w, https:\/\/www.totemaviation.ca\/wp-content\/uploads\/2023\/02\/plan-Escoumins-1-scaled-1-300x150.jpg 300w, https:\/\/www.totemaviation.ca\/wp-content\/uploads\/2023\/02\/plan-Escoumins-1-scaled-1-768x384.jpg 768w, https:\/\/www.totemaviation.ca\/wp-content\/uploads\/2023\/02\/plan-Escoumins-1-scaled-1-1536x768.jpg 1536w, https:\/\/www.totemaviation.ca\/wp-content\/uploads\/2023\/02\/plan-Escoumins-1-scaled-1-500x250.jpg 500w, https:\/\/www.totemaviation.ca\/wp-content\/uploads\/2023\/02\/plan-Escoumins-1-scaled-1-800x400.jpg 800w, https:\/\/www.totemaviation.ca\/wp-content\/uploads\/2023\/02\/plan-Escoumins-1-scaled-1-1280x640.jpg 1280w, https:\/\/www.totemaviation.ca\/wp-content\/uploads\/2023\/02\/plan-Escoumins-1-scaled-1.jpg 1920w\" sizes=\"auto, (max-width: 1024px) 100vw, 1024px\" \/><\/figure>\n\n\n\n<h2 class=\"has-text-align-left wp-block-heading\"><strong>Do you need a car? <\/strong><\/h2>\n\n\n\n<p>The Jeannine Boulianne garage offers car rentals at only 5 minutes walk from the airfield.<\/p>\n\n\n\n<div class=\"wp-block-buttons is-horizontal is-content-justification-right is-layout-flex wp-container-core-buttons-is-layout-30af2ff6 wp-block-buttons-is-layout-flex\">\n<div class=\"wp-block-button\"><a class=\"wp-block-button__link has-background wp-element-button\" href=\"https:\/\/fr.yelp.ca\/biz\/garage-jeanine-boulianne-les-escoumins\" style=\"background-color:#0374bf\" target=\"_blank\" rel=\"https:\/\/fr.yelp.ca\/biz\/garage-jeanine-boulianne-les-escoumins noopener\">Car rental<\/a><\/div>\n<\/div>\n\n\n\n<hr class=\"wp-block-separator has-css-opacity\"\/>\n\n\n\n<h2 class=\"has-text-align-left wp-block-heading\"><strong>Want to go on a whale watching cruise?<\/strong><\/h2>\n\n\n\n<p>Croisi\u00e8re Escoumins offers a shuttle service from the airfield to the boarding dock and back.<\/p>\n\n\n\n<div class=\"wp-block-buttons is-horizontal is-content-justification-right is-layout-flex wp-container-core-buttons-is-layout-30af2ff6 wp-block-buttons-is-layout-flex\"><\/div>\n\n\n\n<div class=\"wp-block-uagb-container uagb-block-fe324996 default uagb-is-root-container\">\n<div class=\"wp-block-uagb-container uagb-block-509228e7\">\n<div class=\"wp-block-bookly-form\"><!--\nPlugin Name: Bookly - Responsive WordPress Appointment Booking and Scheduling Plugin\nPlugin URI: https:\/\/www.booking-wp-plugin.com\/?utm_source=bookly_admin&utm_medium=plugins_page&utm_campaign=plugins_page\nVersion: 25.4-->\n<style type=\"text\/css\">\n    :root {\n        --bookly-main-color: #1e73be !important;\n        --bookly-color: #1e73be !important;\n    }\n\n    <\/style><div class=\"bookly-css-root\">\n    <div id=\"bookly-form-69e0e97b585c7\" class=\"bookly-form\" data-form_id=\"69e0e97b585c7\" aria-live=\"polite\">\n        <div style=\"text-align: center\"><img decoding=\"async\" src=\"https:\/\/www.totemaviation.ca\/wp-includes\/js\/tinymce\/skins\/lightgray\/img\/loader.gif\" alt=\"Loading...\"\/><\/div>\n    <\/div>\n<\/div>\n<script type=\"text\/javascript\">\n    (function (win, fn) {\n        var done = false, top = true,\n            doc = win.document,\n            root = doc.documentElement,\n            modern = doc.addEventListener,\n            add = modern ? 'addEventListener' : 'attachEvent',\n            rem = modern ? 'removeEventListener' : 'detachEvent',\n            pre = modern ? '' : 'on',\n            init = function (e) {\n                if (e.type == 'readystatechange') if (doc.readyState != 'complete') return;\n                (e.type == 'load' ? win : doc)[rem](pre + e.type, init, false);\n                if (!done) {\n                    done = true;\n                    fn.call(win, e.type || e);\n                }\n            },\n            poll = function () {\n                try {\n                    root.doScroll('left');\n                } catch (e) {\n                    setTimeout(poll, 50);\n                    return;\n                }\n                init('poll');\n            };\n        if (doc.readyState == 'complete') fn.call(win, 'lazy');\n        else {\n            if (!modern) if (root.doScroll) {\n                try {\n                    top = !win.frameElement;\n                } catch (e) {\n                }\n                if (top) poll();\n            }\n            doc[add](pre + 'DOMContentLoaded', init, false);\n            doc[add](pre + 'readystatechange', init, false);\n            win[add](pre + 'load', init, false);\n        }\n    })(window, function () {\n        window.bookly( {\"form_id\":\"69e0e97b585c7\",\"status\":{\"booking\":\"new\"},\"skip_steps\":{\"service_part1\":0,\"service_part2\":0,\"extras\":1,\"time\":0,\"repeat\":1,\"cart\":0},\"errors\":{\"session_error\":\"Session error.\",\"form_id_error\":\"Form ID error.\",\"cart_item_not_available\":\"The highlighted time is no longer available. Please choose another time slot.\",\"pay_locally_not_available\":\"Pay locally is not available.\",\"invalid_gateway\":\"Invalid gateway.\",\"payment_error\":\"Error.\",\"incorrect_username_password\":\"Incorrect username or password.\"},\"form_attributes\":{\"hide_categories\":true,\"hide_services\":true,\"hide_staff_members\":true,\"show_number_of_persons\":true,\"hide_service_duration\":true,\"hide_locations\":true,\"hide_quantity\":true,\"hide_date\":false,\"hide_week_days\":true,\"hide_time_range\":true,\"const_category_id\":2},\"use_client_time_zone\":0,\"defaults\":{\"service_id\":6,\"staff_id\":0,\"location_id\":2,\"category_id\":2},\"datepicker_mode\":\"text-accent\",\"facebook\":{\"enabled\":0,\"appId\":\"\"},\"stripe\":{\"enabled\":1}} );\n    });\n<\/script><\/div>\n<\/div>\n<\/div>\n\n\n\n<hr class=\"wp-block-separator has-css-opacity\"\/>\n\n\n\n<h2 class=\"wp-block-heading\"><strong>Do you need one or more bikes?<\/strong><\/h2>\n\n\n\n<p>We have several bikes available, ask us.<\/p>\n\n\n\n<hr class=\"wp-block-separator has-css-opacity\"\/>\n\n\n\n<h2 class=\"wp-block-heading\"><strong>Need a place to stay near A\u00e9rodrome Escoumins?<\/strong><\/h2>\n\n\n\n<p>You have several options within walking distance of the airfield.<\/p>\n\n\n\n<ul class=\"wp-block-list\">\n<li>You can pitch your tent under the wing of your plane for free.<\/li>\n\n\n\n<li>You can reserve your loaner camper on the airfield site, search for availability in our reservation system below.<\/li>\n<\/ul>\n\n\n\n<div class=\"wp-block-buttons is-layout-flex wp-block-buttons-is-layout-flex\">\n<div class=\"wp-block-button\"><a class=\"wp-block-button__link wp-element-button\" href=\"https:\/\/www.totemaviation.ca\/en\/hebergements\/\">Lodging<\/a><\/div>\n<\/div>\n\n\n\n<hr class=\"wp-block-separator has-alpha-channel-opacity\"\/>\n\n\n\n<ul class=\"wp-block-list\">\n<li>You can rent a hotel room, located 5 minutes walk from the airfield.<\/li>\n<\/ul>\n\n\n\n<p><a href=\"https:\/\/www.complexepelchat.com\/fr\/\">https:\/\/www.complexepelchat.com\/fr\/<\/a><\/p>\n\n\n\n<hr class=\"wp-block-separator has-css-opacity\"\/>\n","protected":false},"excerpt":{"rendered":"<p>Escoumins Aerodrome (CA-0720) Our airfield was built for commercial use in order to offer sightseeing flights in the region, it is perfectly adapted to our type of operation and we have the ideal aircraft to operate on this type of runway. We are happy to welcome aviation enthusiasts like us and to share our facilities [&hellip;]<\/p>\n","protected":false},"author":1,"featured_media":0,"parent":0,"menu_order":0,"comment_status":"closed","ping_status":"closed","template":"","meta":{"_uag_custom_page_level_css":"","site-sidebar-layout":"default","site-content-layout":"default","ast-site-content-layout":"default","site-content-style":"default","site-sidebar-style":"default","ast-global-header-display":"","ast-banner-title-visibility":"","ast-main-header-display":"","ast-hfb-above-header-display":"","ast-hfb-below-header-display":"","ast-hfb-mobile-header-display":"","site-post-title":"disabled","ast-breadcrumbs-content":"","ast-featured-img":"","footer-sml-layout":"","theme-transparent-header-meta":"","adv-header-id-meta":"","stick-header-meta":"","header-above-stick-meta":"","header-main-stick-meta":"","header-below-stick-meta":"","astra-migrate-meta-layouts":"default","ast-page-background-enabled":"default","ast-page-background-meta":{"desktop":{"background-color":"","background-image":"","background-repeat":"repeat","background-position":"center center","background-size":"auto","background-attachment":"scroll","background-type":"","background-media":"","overlay-type":"","overlay-color":"","overlay-opacity":"","overlay-gradient":""},"tablet":{"background-color":"","background-image":"","background-repeat":"repeat","background-position":"center center","background-size":"auto","background-attachment":"scroll","background-type":"","background-media":"","overlay-type":"","overlay-color":"","overlay-opacity":"","overlay-gradient":""},"mobile":{"background-color":"","background-image":"","background-repeat":"repeat","background-position":"center center","background-size":"auto","background-attachment":"scroll","background-type":"","background-media":"","overlay-type":"","overlay-color":"","overlay-opacity":"","overlay-gradient":""}},"ast-content-background-meta":{"desktop":{"background-color":"var(--ast-global-color-5)","background-image":"","background-repeat":"repeat","background-position":"center center","background-size":"auto","background-attachment":"scroll","background-type":"","background-media":"","overlay-type":"","overlay-color":"","overlay-opacity":"","overlay-gradient":""},"tablet":{"background-color":"var(--ast-global-color-5)","background-image":"","background-repeat":"repeat","background-position":"center center","background-size":"auto","background-attachment":"scroll","background-type":"","background-media":"","overlay-type":"","overlay-color":"","overlay-opacity":"","overlay-gradient":""},"mobile":{"background-color":"var(--ast-global-color-5)","background-image":"","background-repeat":"repeat","background-position":"center center","background-size":"auto","background-attachment":"scroll","background-type":"","background-media":"","overlay-type":"","overlay-color":"","overlay-opacity":"","overlay-gradient":""}},"footnotes":""},"categories":[],"tags":[],"class_list":["post-3309","page","type-page","status-publish","hentry"],"aioseo_notices":[],"uagb_featured_image_src":{"full":false,"thumbnail":false,"medium":false,"medium_large":false,"large":false,"1536x1536":false,"2048x2048":false,"awb_sm":false,"awb_md":false,"awb_lg":false,"awb_xl":false},"uagb_author_info":{"display_name":"admin","author_link":"https:\/\/www.totemaviation.ca\/en\/author\/admin\/"},"uagb_comment_info":0,"uagb_excerpt":"Escoumins Aerodrome (CA-0720) Our airfield was built for commercial use in order to offer sightseeing flights in the region, it is perfectly adapted to our type of operation and we have the ideal aircraft to operate on this type of runway. We are happy to welcome aviation enthusiasts like us and to share our facilities&hellip;","_links":{"self":[{"href":"https:\/\/www.totemaviation.ca\/en\/wp-json\/wp\/v2\/pages\/3309","targetHints":{"allow":["GET"]}}],"collection":[{"href":"https:\/\/www.totemaviation.ca\/en\/wp-json\/wp\/v2\/pages"}],"about":[{"href":"https:\/\/www.totemaviation.ca\/en\/wp-json\/wp\/v2\/types\/page"}],"author":[{"embeddable":true,"href":"https:\/\/www.totemaviation.ca\/en\/wp-json\/wp\/v2\/users\/1"}],"replies":[{"embeddable":true,"href":"https:\/\/www.totemaviation.ca\/en\/wp-json\/wp\/v2\/comments?post=3309"}],"version-history":[{"count":0,"href":"https:\/\/www.totemaviation.ca\/en\/wp-json\/wp\/v2\/pages\/3309\/revisions"}],"wp:attachment":[{"href":"https:\/\/www.totemaviation.ca\/en\/wp-json\/wp\/v2\/media?parent=3309"}],"wp:term":[{"taxonomy":"category","embeddable":true,"href":"https:\/\/www.totemaviation.ca\/en\/wp-json\/wp\/v2\/categories?post=3309"},{"taxonomy":"post_tag","embeddable":true,"href":"https:\/\/www.totemaviation.ca\/en\/wp-json\/wp\/v2\/tags?post=3309"}],"curies":[{"name":"wp","href":"https:\/\/api.w.org\/{rel}","templated":true}]}}